{"id":2413,"date":"2021-04-27T10:43:59","date_gmt":"2021-04-27T09:43:59","guid":{"rendered":"http:\/\/laziorugby.it\/?page_id=2413"},"modified":"2022-09-25T15:51:53","modified_gmt":"2022-09-25T14:51:53","slug":"la-storia","status":"publish","type":"page","link":"https:\/\/laziorugby.it\/index.php\/la-storia\/","title":{"rendered":"Chi siamo"},"content":{"rendered":"<p>[vc_row][vc_column][vc_column_text]La S.S. Lazio Rugby 1927 \u00e8 la Societ\u00e0 di Rugby pi\u00f9 antica d\u2019Italia fondata a Roma nel 1927.<\/p>\n<p>La Lazio Rugby svolge la propria attivit\u00e0 Seniores presso il \u201cCPO\u201d Giulio Onesti &#8211; Acqua Acetosa di Roma e la propria attivit\u00e0 giovanile a Roma Nord in Zona Tor di Quinto presso il \u201cFlaminio Real\u201d ed in Zona Roma Est presso il centro sportivo \u201cAntonio Nori\u201d.<\/p>\n<p>La mission Societaria \u00e8 quella di formare attraverso i valori della palla ovale atleti dentro e fuori dal campo.<\/p>\n<p>Vieni a giocare con noi![\/vc_column_text][\/vc_column][\/vc_row][vc_row][vc_column][vc_single_image image=&#8221;3018&#8243; img_size=&#8221;large&#8221; alignment=&#8221;center&#8221;][\/vc_column][\/vc_row]<\/p>\n","protected":false},"excerpt":{"rendered":"<p>[vc_row][vc_column][vc_column_text]La S.S. Lazio Rugby 1927 \u00e8 la Societ\u00e0 di Rugby pi\u00f9 antica d\u2019Italia fondata a Roma nel 1927. La Lazio Rugby svolge la propria attivit\u00e0 Seniores presso il \u201cCPO\u201d Giulio Onesti &#8211; Acqua Acetosa di Roma e la propria attivit\u00e0 giovanile a Roma Nord in Zona Tor di Quinto presso il \u201cFlaminio Real\u201d ed in&#8230;<\/p>\n","protected":false},"author":2,"featured_media":0,"parent":0,"menu_order":0,"comment_status":"closed","ping_status":"closed","template":"","meta":{"footnotes":""},"jetpack_sharing_enabled":true,"_links":{"self":[{"href":"https:\/\/laziorugby.it\/index.php\/wp-json\/wp\/v2\/pages\/2413"}],"collection":[{"href":"https:\/\/laziorugby.it\/index.php\/wp-json\/wp\/v2\/pages"}],"about":[{"href":"https:\/\/laziorugby.it\/index.php\/wp-json\/wp\/v2\/types\/page"}],"author":[{"embeddable":true,"href":"https:\/\/laziorugby.it\/index.php\/wp-json\/wp\/v2\/users\/2"}],"replies":[{"embeddable":true,"href":"https:\/\/laziorugby.it\/index.php\/wp-json\/wp\/v2\/comments?post=2413"}],"version-history":[{"count":5,"href":"https:\/\/laziorugby.it\/index.php\/wp-json\/wp\/v2\/pages\/2413\/revisions"}],"predecessor-version":[{"id":3582,"href":"https:\/\/laziorugby.it\/index.php\/wp-json\/wp\/v2\/pages\/2413\/revisions\/3582"}],"wp:attachment":[{"href":"https:\/\/laziorugby.it\/index.php\/wp-json\/wp\/v2\/media?parent=2413"}],"curies":[{"name":"wp","href":"https:\/\/api.w.org\/{rel}","templated":true}]}}